{"id":1324,"date":"2026-03-03T18:21:51","date_gmt":"2026-03-03T18:21:51","guid":{"rendered":"https:\/\/aquagymfit.com\/?page_id=1324"},"modified":"2026-03-13T16:38:54","modified_gmt":"2026-03-13T16:38:54","slug":"cgv","status":"publish","type":"page","link":"https:\/\/aquagymfit.com\/it\/cgv\/","title":{"rendered":"CONDIZIONI GENERALI DI CONTRATTO"},"content":{"rendered":"<h2 class=\"wp-block-heading\">Informativa sulla privacy di Aqua GymFit<\/h2>\n\n\n\n<h3 class=\"wp-block-heading\">1. Introduzione<\/h3>\n\n\n\n<p>La presente Informativa sulla privacy spiega come Aqua GymFit raccoglie, utilizza, archivia e protegge i dati personali dell'utente quando utilizza la nostra applicazione. Ci impegniamo a garantire la riservatezza dei vostri dati e a trattarli in conformit\u00e0 alle normative vigenti, in particolare al Regolamento generale sulla protezione dei dati (GDPR).<\/p>\n\n\n\n<p>Utilizzando Aqua GymFit, l'utente accetta le pratiche descritte nella presente Informativa sulla privacy. In caso di domande o dubbi, si prega di contattarci all'indirizzo <a href=\"mailto:support@aquagymfit.com\">support@aquagymfit.com<\/a>.<\/p>\n\n\n\n<h3 class=\"wp-block-heading\">2. Dati raccolti<\/h3>\n\n\n\n<p>Raccogliamo solo le informazioni necessarie per fornirvi un'esperienza personalizzata e ottimale sulla nostra applicazione. I dati raccolti comprendono:<\/p>\n\n\n\n<ul class=\"wp-block-list\">\n<li><strong>Informazioni personali<\/strong> Ci\u00f2 include il cognome, il nome, l'indirizzo e-mail e altre informazioni fornite al momento della creazione dell'account.<\/li>\n\n\n\n<li><strong>Dati di utilizzo<\/strong> Questi includono la vostra attivit\u00e0 nell'applicazione, le impostazioni personalizzate e le preferenze dell'utente.<\/li>\n\n\n\n<li><strong>Dati tecnici<\/strong> tra cui il tipo di dispositivo, la versione del sistema operativo, l'indirizzo IP e i dati di accesso.<\/li>\n<\/ul>\n\n\n\n<p>Non raccogliamo dati sensibili (come informazioni sulla salute o sulla religione) senza il vostro esplicito consenso.<\/p>\n\n\n\n<h3 class=\"wp-block-heading\">3. Utilizzo dei dati<\/h3>\n\n\n\n<p>Le informazioni raccolte vengono utilizzate esclusivamente per i seguenti scopi:<\/p>\n\n\n\n<ol class=\"wp-block-list\">\n<li><strong>Fornire e migliorare i nostri servizi<\/strong> personalizzazione dell'esperienza utente, monitoraggio delle prestazioni e gestione degli account.<\/li>\n\n\n\n<li><strong>Comunicazione<\/strong> : informare l'utente sugli aggiornamenti dell'applicazione, rispondere alle sue domande o richieste di assistenza.<\/li>\n\n\n\n<li><strong>Manutenzione e sicurezza<\/strong> : per proteggere il vostro account e garantire il corretto funzionamento dell'applicazione.<\/li>\n<\/ol>\n\n\n\n<p>I vostri dati non saranno mai rivenduti, affittati o trasferiti a terzi, a meno che non sia richiesto dalla legge o con il vostro esplicito consenso.<\/p>\n\n\n\n<h3 class=\"wp-block-heading\">4. Conservazione dei dati<\/h3>\n\n\n\n<p>Conserviamo i vostri dati personali solo per il tempo necessario a raggiungere gli scopi descritti nella presente Informativa sulla privacy, o come richiesto dalla legge. Una volta che i dati non sono pi\u00f9 necessari, vengono cancellati o resi anonimi in modo sicuro.<\/p>\n\n\n\n<h3 class=\"wp-block-heading\">5. Condivisione dei dati<\/h3>\n\n\n\n<p>Non condividiamo i vostri dati personali con terze parti, tranne nei casi seguenti:<\/p>\n\n\n\n<ul class=\"wp-block-list\">\n<li>Se necessario per adempiere a obblighi di legge o a richieste legittime da parte di autorit\u00e0 pubbliche.<\/li>\n\n\n\n<li>Se abbiamo bisogno di utilizzare servizi di terze parti per fornire o migliorare l'Applicazione (ad esempio, servizi di hosting, analisi). In questo caso, tali terze parti sono soggette a rigorosi obblighi di riservatezza e possono utilizzare i vostri dati solo per gli scopi definiti da Aqua GymFit.<\/li>\n<\/ul>\n\n\n\n<p>Garantiamo che nessun dato sar\u00e0 venduto o condiviso per scopi commerciali esterni.<\/p>\n\n\n\n<h3 class=\"wp-block-heading\">6. Sicurezza dei dati<\/h3>\n\n\n\n<p>Implementiamo misure tecniche e organizzative rigorose per proteggere i vostri dati personali da accessi, usi, alterazioni o divulgazioni non autorizzati. Tali misure comprendono:<\/p>\n\n\n\n<ul class=\"wp-block-list\">\n<li>Crittografia dei dati sensibili.<\/li>\n\n\n\n<li>Aggiornamenti regolari dei nostri sistemi per prevenire le vulnerabilit\u00e0.<\/li>\n\n\n\n<li>Controlli rigorosi sull'accesso alle informazioni memorizzate.<\/li>\n<\/ul>\n\n\n\n<p>Anche se facciamo del nostro meglio per proteggere le vostre informazioni, nessun sistema \u00e8 totalmente infallibile. L'utente \u00e8 inoltre responsabile della riservatezza dei propri dati di accesso.<\/p>\n\n\n\n<h3 class=\"wp-block-heading\">7. I vostri diritti<\/h3>\n\n\n\n<p>In base alla normativa sulla protezione dei dati, avete i seguenti diritti:<\/p>\n\n\n\n<ul class=\"wp-block-list\">\n<li><strong>Diritto di accesso<\/strong> \u00c8 possibile richiedere una copia dei dati personali in nostro possesso.<\/li>\n\n\n\n<li><strong>Diritto di rettifica<\/strong> \u00c8 possibile chiedere la correzione di informazioni inesatte o incomplete.<\/li>\n\n\n\n<li><strong>Diritto di cancellazione<\/strong> L'utente pu\u00f2 richiedere la cancellazione dei propri dati, nel rispetto di alcuni obblighi di legge.<\/li>\n\n\n\n<li><strong>Diritto di opposizione e limitazione<\/strong> L'utente pu\u00f2 limitare o opporsi al trattamento dei propri dati in determinate circostanze.<\/li>\n\n\n\n<li><strong>Diritto alla portabilit\u00e0<\/strong> Potete chiedere di ricevere i vostri dati in un formato leggibile da una macchina.<\/li>\n<\/ul>\n\n\n\n<p>Per esercitare i vostri diritti, contattateci all'indirizzo <a href=\"mailto:support@aquagymfit.com\">support@aquagymfit.com<\/a>. Elaboreremo la vostra richiesta entro i tempi previsti dalla normativa.<\/p>\n\n\n\n<h3 class=\"wp-block-heading\">8. Modifiche all'Informativa sulla privacy<\/h3>\n\n\n\n<p>Ci riserviamo il diritto di modificare la presente Informativa sulla privacy per riflettere gli sviluppi legali, tecnici o commerciali. Vi informeremo di eventuali modifiche significative tramite l'Applicazione o via e-mail. Vi invitiamo a rivedere regolarmente questa Informativa per rimanere informati.<\/p>\n\n\n\n<h3 class=\"wp-block-heading\">9. Contatto<\/h3>\n\n\n\n<p>In caso di domande sulla presente Informativa sulla privacy o sul trattamento dei vostri dati personali, vi preghiamo di contattarci:<\/p>\n\n\n\n<ul class=\"wp-block-list\">\n<li>Per e-mail : <a href=\"mailto:support@aquagymfit.com\">support@aquagymfit.com<\/a><\/li>\n<\/ul>\n\n\n\n<p>Utilizzando l'applicazione Aqua GymFit, l'utente accetta i termini della presente Informativa sulla privacy. Ci impegniamo a rispettare i vostri dati e a proteggere la vostra privacy.<\/p>\n\n\n\n<p><\/p>","protected":false},"excerpt":{"rendered":"<p>Politique de Confidentialit\u00e9 d&rsquo;Aqua GymFit 1. Introduction La pr\u00e9sente Politique de Confidentialit\u00e9 explique comment Aqua GymFit collecte, utilise, stocke et<\/p>","protected":false},"author":1,"featured_media":0,"parent":0,"menu_order":0,"comment_status":"closed","ping_status":"closed","template":"","meta":{"_uag_custom_page_level_css":"","site-sidebar-layout":"no-sidebar","site-content-layout":"","ast-site-content-layout":"full-width-container","site-content-style":"default","site-sidebar-style":"default","ast-global-header-display":"","ast-banner-title-visibility":"","ast-main-header-display":"","ast-hfb-above-header-display":"","ast-hfb-below-header-display":"","ast-hfb-mobile-header-display":"","site-post-title":"","ast-breadcrumbs-content":"","ast-featured-img":"disabled","footer-sml-layout":"","ast-disable-related-posts":"","theme-transparent-header-meta":"","adv-header-id-meta":"","stick-header-meta":"","header-above-stick-meta":"","header-main-stick-meta":"","header-below-stick-meta":"","astra-migrate-meta-layouts":"default","ast-page-background-enabled":"default","ast-page-background-meta":{"desktop":{"background-color":"var(--ast-global-color-5)","background-image":"","background-repeat":"repeat","background-position":"center center","background-size":"auto","background-attachment":"scroll","background-type":"","background-media":"","overlay-type":"","overlay-color":"","overlay-opacity":"","overlay-gradient":""},"tablet":{"background-color":"","background-image":"","background-repeat":"repeat","background-position":"center center","background-size":"auto","background-attachment":"scroll","background-type":"","background-media":"","overlay-type":"","overlay-color":"","overlay-opacity":"","overlay-gradient":""},"mobile":{"background-color":"","background-image":"","background-repeat":"repeat","background-position":"center center","background-size":"auto","background-attachment":"scroll","background-type":"","background-media":"","overlay-type":"","overlay-color":"","overlay-opacity":"","overlay-gradient":""}},"ast-content-background-meta":{"desktop":{"background-color":"var(--ast-global-color-4)","background-image":"","background-repeat":"repeat","background-position":"center center","background-size":"auto","background-attachment":"scroll","background-type":"","background-media":"","overlay-type":"","overlay-color":"","overlay-opacity":"","overlay-gradient":""},"tablet":{"background-color":"var(--ast-global-color-4)","background-image":"","background-repeat":"repeat","background-position":"center center","background-size":"auto","background-attachment":"scroll","background-type":"","background-media":"","overlay-type":"","overlay-color":"","overlay-opacity":"","overlay-gradient":""},"mobile":{"background-color":"var(--ast-global-color-4)","background-image":"","background-repeat":"repeat","background-position":"center center","background-size":"auto","background-attachment":"scroll","background-type":"","background-media":"","overlay-type":"","overlay-color":"","overlay-opacity":"","overlay-gradient":""}},"footnotes":""},"class_list":["post-1324","page","type-page","status-publish","hentry"],"_hostinger_reach_plugin_has_subscription_block":false,"_hostinger_reach_plugin_is_elementor":false,"spectra_custom_meta":{"_edit_lock":["1773419939:1"],"_edit_last":["1"],"_astra_content_layout_flag":["disabled"],"ast-title-bar-display":["disabled"],"ast-featured-img":["disabled"],"ast-site-content-layout":["full-width-container"],"site-sidebar-layout":["no-sidebar"],"_elementor_template_type":["wp-page"],"_elementor_version":["3.35.6"],"_elementor_pro_version":["3.32.3"],"_elementor_page_settings":["a:0:{}"],"_uag_css_file_name":["uag-css-1324.css"],"rank_math_internal_links_processed":["1"],"_elementor_page_assets":["a:0:{}"],"_uag_page_assets":["a:9:{s:3:\"css\";s:263:\".uag-blocks-common-selector{z-index:var(--z-index-desktop) !important}@media (max-width: 976px){.uag-blocks-common-selector{z-index:var(--z-index-tablet) !important}}@media (max-width: 767px){.uag-blocks-common-selector{z-index:var(--z-index-mobile) !important}}\n\";s:2:\"js\";s:0:\"\";s:18:\"current_block_list\";a:10:{i:0;s:12:\"core\/heading\";i:1;s:14:\"core\/paragraph\";i:2;s:9:\"core\/list\";i:3;s:14:\"core\/list-item\";i:4;s:11:\"core\/search\";i:5;s:10:\"core\/group\";i:6;s:17:\"core\/latest-posts\";i:7;s:20:\"core\/latest-comments\";i:8;s:13:\"core\/archives\";i:9;s:15:\"core\/categories\";}s:8:\"uag_flag\";b:0;s:11:\"uag_version\";i:1777473812;s:6:\"gfonts\";a:0:{}s:10:\"gfonts_url\";s:0:\"\";s:12:\"gfonts_files\";a:0:{}s:14:\"uag_faq_layout\";b:0;}"]},"uagb_featured_image_src":{"full":false,"thumbnail":false,"medium":false,"medium_large":false,"large":false,"1536x1536":false,"2048x2048":false,"trp-custom-language-flag":false},"uagb_author_info":{"display_name":"yan.berrabah@gmail.com","author_link":"https:\/\/aquagymfit.com\/it\/author\/yan-berrabahgmail-com\/"},"uagb_comment_info":0,"uagb_excerpt":"Politique de Confidentialit\u00e9 d&rsquo;Aqua GymFit 1. Introduction La pr\u00e9sente Politique de Confidentialit\u00e9 explique comment Aqua GymFit collecte, utilise, stocke et","_links":{"self":[{"href":"https:\/\/aquagymfit.com\/it\/wp-json\/wp\/v2\/pages\/1324","targetHints":{"allow":["GET"]}}],"collection":[{"href":"https:\/\/aquagymfit.com\/it\/wp-json\/wp\/v2\/pages"}],"about":[{"href":"https:\/\/aquagymfit.com\/it\/wp-json\/wp\/v2\/types\/page"}],"author":[{"embeddable":true,"href":"https:\/\/aquagymfit.com\/it\/wp-json\/wp\/v2\/users\/1"}],"replies":[{"embeddable":true,"href":"https:\/\/aquagymfit.com\/it\/wp-json\/wp\/v2\/comments?post=1324"}],"version-history":[{"count":3,"href":"https:\/\/aquagymfit.com\/it\/wp-json\/wp\/v2\/pages\/1324\/revisions"}],"predecessor-version":[{"id":1328,"href":"https:\/\/aquagymfit.com\/it\/wp-json\/wp\/v2\/pages\/1324\/revisions\/1328"}],"wp:attachment":[{"href":"https:\/\/aquagymfit.com\/it\/wp-json\/wp\/v2\/media?parent=1324"}],"curies":[{"name":"wp","href":"https:\/\/api.w.org\/{rel}","templated":true}]}}