{"id":1337,"date":"2026-03-03T18:21:51","date_gmt":"2026-03-03T18:21:51","guid":{"rendered":"https:\/\/aquagymfit.com\/?page_id=1337"},"modified":"2026-03-13T16:40:06","modified_gmt":"2026-03-13T16:40:06","slug":"politique-de-confidentialite","status":"publish","type":"page","link":"https:\/\/aquagymfit.com\/es\/politique-de-confidentialite\/","title":{"rendered":"Pol\u00edtica de privacidad"},"content":{"rendered":"<h2 class=\"wp-block-heading\">Pol\u00edtica de privacidad de Aqua GymFit<\/h2>\n\n\n\n<h3 class=\"wp-block-heading\">1. Introducci\u00f3n<\/h3>\n\n\n\n<p>Esta Pol\u00edtica de Privacidad explica c\u00f3mo Aqua GymFit recopila, utiliza, almacena y protege sus datos personales cuando utiliza nuestra aplicaci\u00f3n. Nos comprometemos a garantizar la confidencialidad de sus datos y a tratarlos de conformidad con la normativa aplicable, en particular el Reglamento General de Protecci\u00f3n de Datos (RGPD).<\/p>\n\n\n\n<p>Al utilizar Aqua GymFit, usted acepta las pr\u00e1cticas descritas en la presente Pol\u00edtica de Privacidad. Si tiene alguna pregunta o duda, p\u00f3ngase en contacto con nosotros en <a href=\"mailto:support@aquagymfit.com\">support@aquagymfit.com<\/a>.<\/p>\n\n\n\n<h3 class=\"wp-block-heading\">2. Datos recogidos<\/h3>\n\n\n\n<p>S\u00f3lo recogemos la informaci\u00f3n necesaria para ofrecerle una experiencia personalizada y \u00f3ptima en nuestra aplicaci\u00f3n. Los datos recogidos incluyen:<\/p>\n\n\n\n<ul class=\"wp-block-list\"><li><strong>Informaci\u00f3n personal<\/strong>\u00a0Esto incluye su apellido, nombre, direcci\u00f3n de correo electr\u00f3nico y otra informaci\u00f3n proporcionada cuando cre\u00f3 su cuenta.<\/li><li><strong>Datos de uso<\/strong>\u00a0Entre ellas se incluyen su actividad en la aplicaci\u00f3n, los ajustes personalizados y las preferencias del usuario.<\/li><li><strong>Datos t\u00e9cnicos<\/strong>\u00a0incluido el tipo de dispositivo, la versi\u00f3n del sistema operativo, la direcci\u00f3n IP y los datos de acceso.<\/li><\/ul>\n\n\n\n<p>No recopilamos datos sensibles (como informaci\u00f3n sobre su salud o religi\u00f3n) sin su consentimiento expl\u00edcito.<\/p>\n\n\n\n<h3 class=\"wp-block-heading\">3. Uso de los datos<\/h3>\n\n\n\n<p>La informaci\u00f3n que recopilamos se utiliza exclusivamente para los siguientes fines:<\/p>\n\n\n\n<ol class=\"wp-block-list\"><li><strong>Prestaci\u00f3n y mejora de nuestros servicios<\/strong>\u00a0personalizaci\u00f3n de la experiencia del usuario, supervisi\u00f3n del rendimiento y gesti\u00f3n de cuentas.<\/li><li><strong>Comunicaci\u00f3n<\/strong>\u00a0informarle de las actualizaciones de la aplicaci\u00f3n, responder a sus preguntas o solicitudes de asistencia.<\/li><li><strong>Mantenimiento y seguridad<\/strong>\u00a0: para proteger su cuenta y garantizar el buen funcionamiento de la aplicaci\u00f3n.<\/li><\/ol>\n\n\n\n<p>Sus datos nunca ser\u00e1n revendidos, alquilados o transferidos a terceros, a menos que lo exija la ley o con su consentimiento expl\u00edcito.<\/p>\n\n\n\n<h3 class=\"wp-block-heading\">4. 4. Conservaci\u00f3n de datos<\/h3>\n\n\n\n<p>Conservamos sus datos personales s\u00f3lo durante el tiempo necesario para lograr los fines descritos en esta Pol\u00edtica de Privacidad, o seg\u00fan lo exija la ley. Cuando los datos dejan de ser necesarios, se eliminan de forma segura o se convierten en an\u00f3nimos.<\/p>\n\n\n\n<h3 class=\"wp-block-heading\">5. 5. Intercambio de datos<\/h3>\n\n\n\n<p>No compartimos su informaci\u00f3n personal con terceros, salvo en los siguientes casos:<\/p>\n\n\n\n<ul class=\"wp-block-list\"><li>Si es necesario para cumplir obligaciones legales o peticiones leg\u00edtimas de las autoridades p\u00fablicas.<\/li><li>Si necesitamos utilizar servicios de terceros para proporcionar o mejorar la Aplicaci\u00f3n (por ejemplo, servicios de alojamiento, an\u00e1lisis). En este caso, estos terceros est\u00e1n sujetos a estrictas obligaciones de confidencialidad y s\u00f3lo podr\u00e1n utilizar sus datos para los fines definidos por Aqua GymFit.<\/li><\/ul>\n\n\n\n<p>Garantizamos que no se vender\u00e1 ni compartir\u00e1 ning\u00fan dato con fines comerciales externos.<\/p>\n\n\n\n<h3 class=\"wp-block-heading\">6. 6. Seguridad de los datos<\/h3>\n\n\n\n<p>Aplicamos rigurosas medidas t\u00e9cnicas y organizativas para proteger sus datos personales contra el acceso, uso, alteraci\u00f3n o divulgaci\u00f3n no autorizados. Estas medidas incluyen:<\/p>\n\n\n\n<ul class=\"wp-block-list\"><li>Cifrado de datos sensibles.<\/li><li>Actualizaciones peri\u00f3dicas de nuestros sistemas para evitar vulnerabilidades.<\/li><li>Controles estrictos del acceso a la informaci\u00f3n almacenada.<\/li><\/ul>\n\n\n\n<p>Aunque hacemos todo lo posible por proteger su informaci\u00f3n, ning\u00fan sistema es totalmente infalible. Usted tambi\u00e9n es responsable de mantener la confidencialidad de sus datos de acceso.<\/p>\n\n\n\n<h3 class=\"wp-block-heading\">7. Sus derechos<\/h3>\n\n\n\n<p>En virtud de la normativa sobre protecci\u00f3n de datos, usted tiene los siguientes derechos:<\/p>\n\n\n\n<ul class=\"wp-block-list\"><li><strong>Derecho de acceso<\/strong>\u00a0Puede solicitar una copia de los datos personales que tenemos sobre usted.<\/li><li><strong>Derecho de rectificaci\u00f3n<\/strong>\u00a0Puede solicitar que se corrija la informaci\u00f3n inexacta o incompleta.<\/li><li><strong>Derecho de supresi\u00f3n<\/strong>\u00a0Puede solicitar la supresi\u00f3n de sus datos, sin perjuicio de determinadas obligaciones legales.<\/li><li><strong>Derecho de oposici\u00f3n y limitaci\u00f3n<\/strong>\u00a0Usted puede restringir u oponerse al tratamiento de sus datos en determinadas circunstancias.<\/li><li><strong>Derecho a la portabilidad<\/strong>\u00a0Puede solicitar recibir sus datos en un formato legible por m\u00e1quina.<\/li><\/ul>\n\n\n\n<p>Para ejercer sus derechos, p\u00f3ngase en contacto con nosotros en <a href=\"mailto:support@aquagymfit.com\">support@aquagymfit.com<\/a>. Tramitaremos su solicitud dentro de los plazos reglamentarios.<\/p>\n\n\n\n<h3 class=\"wp-block-heading\">8. Cambios en la pol\u00edtica de privacidad<\/h3>\n\n\n\n<p>Nos reservamos el derecho a modificar esta Pol\u00edtica de Privacidad para reflejar los avances legales, t\u00e9cnicos o comerciales. Le informaremos de cualquier cambio significativo a trav\u00e9s de la Aplicaci\u00f3n o por correo electr\u00f3nico. Le recomendamos que revise esta Pol\u00edtica con regularidad para mantenerse informado.<\/p>\n\n\n\n<h3 class=\"wp-block-heading\">9. Contacto<\/h3>\n\n\n\n<p>Si tiene alguna pregunta sobre esta Pol\u00edtica de privacidad o el tratamiento de sus datos personales, p\u00f3ngase en contacto con nosotros:<\/p>\n\n\n\n<ul class=\"wp-block-list\"><li>Por correo electr\u00f3nico : <a href=\"mailto:support@aquagymfit.com\">support@aquagymfit.com<\/a><\/li><\/ul>\n\n\n\n<p>Al utilizar la aplicaci\u00f3n Aqua GymFit, usted acepta los t\u00e9rminos de la presente Pol\u00edtica de Privacidad. Nos comprometemos a respetar sus datos y proteger su privacidad.<\/p>","protected":false},"excerpt":{"rendered":"<p>Politique de Confidentialit\u00e9 d&rsquo;Aqua GymFit 1. Introduction La pr\u00e9sente Politique de Confidentialit\u00e9 explique comment Aqua GymFit collecte, utilise, stocke et<\/p>","protected":false},"author":1,"featured_media":0,"parent":0,"menu_order":0,"comment_status":"closed","ping_status":"closed","template":"","meta":{"_uag_custom_page_level_css":"","site-sidebar-layout":"default","site-content-layout":"","ast-site-content-layout":"default","site-content-style":"default","site-sidebar-style":"default","ast-global-header-display":"","ast-banner-title-visibility":"","ast-main-header-display":"","ast-hfb-above-header-display":"","ast-hfb-below-header-display":"","ast-hfb-mobile-header-display":"","site-post-title":"","ast-breadcrumbs-content":"","ast-featured-img":"","footer-sml-layout":"","ast-disable-related-posts":"","theme-transparent-header-meta":"","adv-header-id-meta":"","stick-header-meta":"","header-above-stick-meta":"","header-main-stick-meta":"","header-below-stick-meta":"","astra-migrate-meta-layouts":"default","ast-page-background-enabled":"default","ast-page-background-meta":{"desktop":{"background-color":"var(--ast-global-color-5)","background-image":"","background-repeat":"repeat","background-position":"center center","background-size":"auto","background-attachment":"scroll","background-type":"","background-media":"","overlay-type":"","overlay-color":"","overlay-opacity":"","overlay-gradient":""},"tablet":{"background-color":"","background-image":"","background-repeat":"repeat","background-position":"center center","background-size":"auto","background-attachment":"scroll","background-type":"","background-media":"","overlay-type":"","overlay-color":"","overlay-opacity":"","overlay-gradient":""},"mobile":{"background-color":"","background-image":"","background-repeat":"repeat","background-position":"center center","background-size":"auto","background-attachment":"scroll","background-type":"","background-media":"","overlay-type":"","overlay-color":"","overlay-opacity":"","overlay-gradient":""}},"ast-content-background-meta":{"desktop":{"background-color":"var(--ast-global-color-4)","background-image":"","background-repeat":"repeat","background-position":"center center","background-size":"auto","background-attachment":"scroll","background-type":"","background-media":"","overlay-type":"","overlay-color":"","overlay-opacity":"","overlay-gradient":""},"tablet":{"background-color":"var(--ast-global-color-4)","background-image":"","background-repeat":"repeat","background-position":"center center","background-size":"auto","background-attachment":"scroll","background-type":"","background-media":"","overlay-type":"","overlay-color":"","overlay-opacity":"","overlay-gradient":""},"mobile":{"background-color":"var(--ast-global-color-4)","background-image":"","background-repeat":"repeat","background-position":"center center","background-size":"auto","background-attachment":"scroll","background-type":"","background-media":"","overlay-type":"","overlay-color":"","overlay-opacity":"","overlay-gradient":""}},"footnotes":""},"class_list":["post-1337","page","type-page","status-publish","hentry"],"_hostinger_reach_plugin_has_subscription_block":false,"_hostinger_reach_plugin_is_elementor":false,"spectra_custom_meta":{"_edit_lock":["1773420012:1"],"_edit_last":["1"],"_uag_css_file_name":["uag-css-1337.css"],"rank_math_internal_links_processed":["1"],"_elementor_page_assets":["a:0:{}"],"_uag_page_assets":["a:9:{s:3:\"css\";s:263:\".uag-blocks-common-selector{z-index:var(--z-index-desktop) !important}@media (max-width: 976px){.uag-blocks-common-selector{z-index:var(--z-index-tablet) !important}}@media (max-width: 767px){.uag-blocks-common-selector{z-index:var(--z-index-mobile) !important}}\n\";s:2:\"js\";s:0:\"\";s:18:\"current_block_list\";a:9:{i:0;s:12:\"core\/heading\";i:1;s:14:\"core\/paragraph\";i:2;s:9:\"core\/list\";i:3;s:11:\"core\/search\";i:4;s:10:\"core\/group\";i:5;s:17:\"core\/latest-posts\";i:6;s:20:\"core\/latest-comments\";i:7;s:13:\"core\/archives\";i:8;s:15:\"core\/categories\";}s:8:\"uag_flag\";b:0;s:11:\"uag_version\";s:10:\"1777367082\";s:6:\"gfonts\";a:0:{}s:10:\"gfonts_url\";s:0:\"\";s:12:\"gfonts_files\";a:0:{}s:14:\"uag_faq_layout\";b:0;}"]},"uagb_featured_image_src":{"full":false,"thumbnail":false,"medium":false,"medium_large":false,"large":false,"1536x1536":false,"2048x2048":false,"trp-custom-language-flag":false},"uagb_author_info":{"display_name":"yan.berrabah@gmail.com","author_link":"https:\/\/aquagymfit.com\/es\/author\/yan-berrabahgmail-com\/"},"uagb_comment_info":0,"uagb_excerpt":"Politique de Confidentialit\u00e9 d&rsquo;Aqua GymFit 1. Introduction La pr\u00e9sente Politique de Confidentialit\u00e9 explique comment Aqua GymFit collecte, utilise, stocke et","_links":{"self":[{"href":"https:\/\/aquagymfit.com\/es\/wp-json\/wp\/v2\/pages\/1337","targetHints":{"allow":["GET"]}}],"collection":[{"href":"https:\/\/aquagymfit.com\/es\/wp-json\/wp\/v2\/pages"}],"about":[{"href":"https:\/\/aquagymfit.com\/es\/wp-json\/wp\/v2\/types\/page"}],"author":[{"embeddable":true,"href":"https:\/\/aquagymfit.com\/es\/wp-json\/wp\/v2\/users\/1"}],"replies":[{"embeddable":true,"href":"https:\/\/aquagymfit.com\/es\/wp-json\/wp\/v2\/comments?post=1337"}],"version-history":[{"count":1,"href":"https:\/\/aquagymfit.com\/es\/wp-json\/wp\/v2\/pages\/1337\/revisions"}],"predecessor-version":[{"id":1338,"href":"https:\/\/aquagymfit.com\/es\/wp-json\/wp\/v2\/pages\/1337\/revisions\/1338"}],"wp:attachment":[{"href":"https:\/\/aquagymfit.com\/es\/wp-json\/wp\/v2\/media?parent=1337"}],"curies":[{"name":"wp","href":"https:\/\/api.w.org\/{rel}","templated":true}]}}