{"id":1324,"date":"2026-03-03T18:21:51","date_gmt":"2026-03-03T18:21:51","guid":{"rendered":"https:\/\/aquagymfit.com\/?page_id=1324"},"modified":"2026-03-13T16:38:54","modified_gmt":"2026-03-13T16:38:54","slug":"cgv","status":"publish","type":"page","link":"https:\/\/aquagymfit.com\/de\/cgv\/","title":{"rendered":"AGB"},"content":{"rendered":"<h2 class=\"wp-block-heading\">Datenschutzrichtlinie von Aqua GymFit<\/h2>\n\n\n\n<h3 class=\"wp-block-heading\">1. Einleitung<\/h3>\n\n\n\n<p>Diese Datenschutzrichtlinie erl\u00e4utert, wie Aqua GymFit Ihre personenbezogenen Daten erfasst, verwendet, speichert und sch\u00fctzt, wenn Sie unsere Anwendung nutzen. Wir verpflichten uns, die Vertraulichkeit Ihrer Daten zu gew\u00e4hrleisten und sie in \u00dcbereinstimmung mit den geltenden Vorschriften, insbesondere der Allgemeinen Datenschutzverordnung (DSGVO), zu verarbeiten.<\/p>\n\n\n\n<p>Durch die Nutzung von Aqua GymFit erkl\u00e4ren Sie sich mit den in dieser Datenschutzrichtlinie beschriebenen Praktiken einverstanden. Wenn Sie Fragen oder Bedenken haben, kontaktieren Sie uns bitte unter <a href=\"mailto:support@aquagymfit.com\">support@aquagymfit.com<\/a>.<\/p>\n\n\n\n<h3 class=\"wp-block-heading\">2. Gesammelte Daten<\/h3>\n\n\n\n<p>Wir sammeln nur die Daten, die wir ben\u00f6tigen, um Ihnen eine personalisierte und optimale Erfahrung mit unserer App zu bieten. Zu den gesammelten Daten geh\u00f6ren:<\/p>\n\n\n\n<ul class=\"wp-block-list\">\n<li><strong>Pers\u00f6nliche Informationen<\/strong> : wie z. B. Ihr Vor- und Nachname, Ihre E-Mail-Adresse und andere Informationen, die Sie bei der Erstellung Ihres Kontos angegeben haben.<\/li>\n\n\n\n<li><strong>Nutzungsdaten<\/strong> : wie z. B. Ihre Aktivit\u00e4ten in der Anwendung, benutzerdefinierte Einstellungen und Benutzereinstellungen.<\/li>\n\n\n\n<li><strong>Technische Daten<\/strong> : einschlie\u00dflich Ihres Ger\u00e4tetyps, der Version des Betriebssystems, der IP-Adresse und der Anmeldekennungen.<\/li>\n<\/ul>\n\n\n\n<p>Wir sammeln keine sensiblen Daten (wie Informationen \u00fcber Ihre Gesundheit oder Ihre Religion) ohne Ihre ausdr\u00fcckliche Zustimmung.<\/p>\n\n\n\n<h3 class=\"wp-block-heading\">3. Verwendung der Daten<\/h3>\n\n\n\n<p>Die von uns gesammelten Informationen werden nur f\u00fcr die folgenden Zwecke verwendet:<\/p>\n\n\n\n<ol class=\"wp-block-list\">\n<li><strong>Bereitstellung und Verbesserung unserer Dienstleistungen<\/strong> : Personalisierung der Nutzererfahrung, Leistungs\u00fcberwachung, Kontenverwaltung.<\/li>\n\n\n\n<li><strong>Kommunikation<\/strong> : Sie \u00fcber Aktualisierungen der Anwendung zu informieren, Ihre Fragen zu beantworten oder Support anzufordern.<\/li>\n\n\n\n<li><strong>Wartung und Sicherheit<\/strong> : Sch\u00fctzen Sie Ihr Konto und stellen Sie sicher, dass die Anwendung ordnungsgem\u00e4\u00df funktioniert.<\/li>\n<\/ol>\n\n\n\n<p>Ihre Daten werden niemals an Dritte weiterverkauft, vermietet oder abgetreten, es sei denn, dies ist gesetzlich vorgeschrieben oder erfolgt mit Ihrer ausdr\u00fccklichen Zustimmung.<\/p>\n\n\n\n<h3 class=\"wp-block-heading\">4. Aufbewahrung der Daten<\/h3>\n\n\n\n<p>Wir speichern Ihre personenbezogenen Daten nur so lange, wie es zur Erf\u00fcllung der in dieser Datenschutzrichtlinie beschriebenen Zwecke erforderlich ist oder wie es gesetzlich vorgeschrieben ist. Sobald die Daten nicht mehr ben\u00f6tigt werden, werden sie auf sichere Weise gel\u00f6scht oder anonymisiert.<\/p>\n\n\n\n<h3 class=\"wp-block-heading\">5. Teilen von Daten<\/h3>\n\n\n\n<p>Wir geben Ihre pers\u00f6nlichen Daten nicht an Dritte weiter, au\u00dfer in den folgenden F\u00e4llen:<\/p>\n\n\n\n<ul class=\"wp-block-list\">\n<li>Wenn dies erforderlich ist, um gesetzlichen Verpflichtungen nachzukommen oder rechtm\u00e4\u00dfigen Anfragen von Beh\u00f6rden nachzukommen.<\/li>\n\n\n\n<li>Wenn wir Dienstleistungen Dritter in Anspruch nehmen m\u00fcssen, um die Anwendung bereitzustellen oder zu verbessern (z. B. Hosting-Dienste, Analysedienste). In diesem Fall unterliegen diese Dritten strengen Datenschutzverpflichtungen und d\u00fcrfen Ihre Daten nur zu den von Aqua GymFit festgelegten Zwecken verwenden.<\/li>\n<\/ul>\n\n\n\n<p>Wir garantieren, dass keine Daten f\u00fcr externe kommerzielle Zwecke verkauft oder weitergegeben werden.<\/p>\n\n\n\n<h3 class=\"wp-block-heading\">6. Sicherheit der Daten<\/h3>\n\n\n\n<p>Wir setzen strenge technische und organisatorische Ma\u00dfnahmen ein, um Ihre personenbezogenen Daten vor unbefugtem Zugriff, unbefugter Nutzung, \u00c4nderung oder Offenlegung zu sch\u00fctzen. Diese Ma\u00dfnahmen umfassen :<\/p>\n\n\n\n<ul class=\"wp-block-list\">\n<li>Verschl\u00fcsselung sensibler Daten.<\/li>\n\n\n\n<li>Regelm\u00e4\u00dfige Aktualisierungen unserer Systeme, um Schwachstellen zu verhindern.<\/li>\n\n\n\n<li>Strenge Kontrollen des Zugriffs auf gespeicherte Informationen.<\/li>\n<\/ul>\n\n\n\n<p>Obwohl wir alles tun, um Ihre Informationen zu sch\u00fctzen, ist kein System v\u00f6llig unfehlbar. Sie sind auch daf\u00fcr verantwortlich, Ihre Anmeldedaten vertraulich zu behandeln.<\/p>\n\n\n\n<h3 class=\"wp-block-heading\">7. Ihre Rechte<\/h3>\n\n\n\n<p>Gem\u00e4\u00df den Datenschutzbestimmungen haben Sie folgende Rechte:<\/p>\n\n\n\n<ul class=\"wp-block-list\">\n<li><strong>Recht auf Zugang<\/strong> : Sie k\u00f6nnen eine Kopie der personenbezogenen Daten anfordern, die wir \u00fcber Sie gespeichert haben.<\/li>\n\n\n\n<li><strong>Recht auf Berichtigung<\/strong> : Sie k\u00f6nnen die Berichtigung unrichtiger oder unvollst\u00e4ndiger Informationen verlangen.<\/li>\n\n\n\n<li><strong>Recht auf L\u00f6schung<\/strong> : Sie k\u00f6nnen die L\u00f6schung Ihrer Daten verlangen, vorbehaltlich bestimmter gesetzlicher Verpflichtungen.<\/li>\n\n\n\n<li><strong>Recht auf Widerspruch und Einschr\u00e4nkung<\/strong> : Sie k\u00f6nnen die Verarbeitung Ihrer Daten unter bestimmten Umst\u00e4nden einschr\u00e4nken oder sich ihr widersetzen.<\/li>\n\n\n\n<li><strong>Recht auf \u00dcbertragbarkeit<\/strong> : Sie k\u00f6nnen verlangen, dass Sie Ihre Daten in einem maschinenlesbaren Format erhalten.<\/li>\n<\/ul>\n\n\n\n<p>Um Ihre Rechte auszu\u00fcben, kontaktieren Sie uns bitte unter <a href=\"mailto:support@aquagymfit.com\">support@aquagymfit.com<\/a>. Wir werden Ihren Antrag innerhalb der gesetzlich vorgeschriebenen Fristen bearbeiten.<\/p>\n\n\n\n<h3 class=\"wp-block-heading\">8. \u00c4nderungen der Datenschutzrichtlinie<\/h3>\n\n\n\n<p>Wir behalten uns das Recht vor, diese Datenschutzrichtlinie zu \u00e4ndern, um gesetzlichen, technischen oder gesch\u00e4ftlichen Entwicklungen Rechnung zu tragen. Wir werden Sie \u00fcber die Anwendung oder per E-Mail \u00fcber alle wichtigen \u00c4nderungen informieren. Wir empfehlen Ihnen, diese Richtlinie regelm\u00e4\u00dfig zu \u00fcberpr\u00fcfen, um auf dem Laufenden zu bleiben.<\/p>\n\n\n\n<h3 class=\"wp-block-heading\">9. Kontakt<\/h3>\n\n\n\n<p>Wenn Sie Fragen zu dieser Datenschutzrichtlinie oder der Verarbeitung Ihrer pers\u00f6nlichen Daten haben, k\u00f6nnen Sie uns kontaktieren:<\/p>\n\n\n\n<ul class=\"wp-block-list\">\n<li>Per E-Mail: <a href=\"mailto:support@aquagymfit.com\">support@aquagymfit.com<\/a><\/li>\n<\/ul>\n\n\n\n<p>Durch die Nutzung der Aqua GymFit-App erkl\u00e4ren Sie sich mit den Bedingungen dieser Datenschutzrichtlinie einverstanden. Wir verpflichten uns, Ihre Daten zu respektieren und Ihre Privatsph\u00e4re zu sch\u00fctzen.<\/p>\n\n\n\n<p><\/p>","protected":false},"excerpt":{"rendered":"<p>Politique de Confidentialit\u00e9 d&rsquo;Aqua GymFit 1. Introduction La pr\u00e9sente Politique de Confidentialit\u00e9 explique comment Aqua GymFit collecte, utilise, stocke et<\/p>","protected":false},"author":1,"featured_media":0,"parent":0,"menu_order":0,"comment_status":"closed","ping_status":"closed","template":"","meta":{"_uag_custom_page_level_css":"","site-sidebar-layout":"no-sidebar","site-content-layout":"","ast-site-content-layout":"full-width-container","site-content-style":"default","site-sidebar-style":"default","ast-global-header-display":"","ast-banner-title-visibility":"","ast-main-header-display":"","ast-hfb-above-header-display":"","ast-hfb-below-header-display":"","ast-hfb-mobile-header-display":"","site-post-title":"","ast-breadcrumbs-content":"","ast-featured-img":"disabled","footer-sml-layout":"","ast-disable-related-posts":"","theme-transparent-header-meta":"","adv-header-id-meta":"","stick-header-meta":"","header-above-stick-meta":"","header-main-stick-meta":"","header-below-stick-meta":"","astra-migrate-meta-layouts":"default","ast-page-background-enabled":"default","ast-page-background-meta":{"desktop":{"background-color":"var(--ast-global-color-5)","background-image":"","background-repeat":"repeat","background-position":"center center","background-size":"auto","background-attachment":"scroll","background-type":"","background-media":"","overlay-type":"","overlay-color":"","overlay-opacity":"","overlay-gradient":""},"tablet":{"background-color":"","background-image":"","background-repeat":"repeat","background-position":"center center","background-size":"auto","background-attachment":"scroll","background-type":"","background-media":"","overlay-type":"","overlay-color":"","overlay-opacity":"","overlay-gradient":""},"mobile":{"background-color":"","background-image":"","background-repeat":"repeat","background-position":"center center","background-size":"auto","background-attachment":"scroll","background-type":"","background-media":"","overlay-type":"","overlay-color":"","overlay-opacity":"","overlay-gradient":""}},"ast-content-background-meta":{"desktop":{"background-color":"var(--ast-global-color-4)","background-image":"","background-repeat":"repeat","background-position":"center center","background-size":"auto","background-attachment":"scroll","background-type":"","background-media":"","overlay-type":"","overlay-color":"","overlay-opacity":"","overlay-gradient":""},"tablet":{"background-color":"var(--ast-global-color-4)","background-image":"","background-repeat":"repeat","background-position":"center center","background-size":"auto","background-attachment":"scroll","background-type":"","background-media":"","overlay-type":"","overlay-color":"","overlay-opacity":"","overlay-gradient":""},"mobile":{"background-color":"var(--ast-global-color-4)","background-image":"","background-repeat":"repeat","background-position":"center center","background-size":"auto","background-attachment":"scroll","background-type":"","background-media":"","overlay-type":"","overlay-color":"","overlay-opacity":"","overlay-gradient":""}},"footnotes":""},"class_list":["post-1324","page","type-page","status-publish","hentry"],"_hostinger_reach_plugin_has_subscription_block":false,"_hostinger_reach_plugin_is_elementor":false,"spectra_custom_meta":{"_edit_lock":["1773419939:1"],"_edit_last":["1"],"_astra_content_layout_flag":["disabled"],"ast-title-bar-display":["disabled"],"ast-featured-img":["disabled"],"ast-site-content-layout":["full-width-container"],"site-sidebar-layout":["no-sidebar"],"_elementor_template_type":["wp-page"],"_elementor_version":["3.35.6"],"_elementor_pro_version":["3.32.3"],"_elementor_page_settings":["a:0:{}"],"_uag_css_file_name":["uag-css-1324.css"],"rank_math_internal_links_processed":["1"],"_elementor_page_assets":["a:0:{}"],"_uag_page_assets":["a:9:{s:3:\"css\";s:263:\".uag-blocks-common-selector{z-index:var(--z-index-desktop) !important}@media (max-width: 976px){.uag-blocks-common-selector{z-index:var(--z-index-tablet) !important}}@media (max-width: 767px){.uag-blocks-common-selector{z-index:var(--z-index-mobile) !important}}\n\";s:2:\"js\";s:0:\"\";s:18:\"current_block_list\";a:10:{i:0;s:12:\"core\/heading\";i:1;s:14:\"core\/paragraph\";i:2;s:9:\"core\/list\";i:3;s:14:\"core\/list-item\";i:4;s:11:\"core\/search\";i:5;s:10:\"core\/group\";i:6;s:17:\"core\/latest-posts\";i:7;s:20:\"core\/latest-comments\";i:8;s:13:\"core\/archives\";i:9;s:15:\"core\/categories\";}s:8:\"uag_flag\";b:0;s:11:\"uag_version\";i:1777473812;s:6:\"gfonts\";a:0:{}s:10:\"gfonts_url\";s:0:\"\";s:12:\"gfonts_files\";a:0:{}s:14:\"uag_faq_layout\";b:0;}"]},"uagb_featured_image_src":{"full":false,"thumbnail":false,"medium":false,"medium_large":false,"large":false,"1536x1536":false,"2048x2048":false,"trp-custom-language-flag":false},"uagb_author_info":{"display_name":"yan.berrabah@gmail.com","author_link":"https:\/\/aquagymfit.com\/de\/author\/yan-berrabahgmail-com\/"},"uagb_comment_info":0,"uagb_excerpt":"Politique de Confidentialit\u00e9 d&rsquo;Aqua GymFit 1. Introduction La pr\u00e9sente Politique de Confidentialit\u00e9 explique comment Aqua GymFit collecte, utilise, stocke et","_links":{"self":[{"href":"https:\/\/aquagymfit.com\/de\/wp-json\/wp\/v2\/pages\/1324","targetHints":{"allow":["GET"]}}],"collection":[{"href":"https:\/\/aquagymfit.com\/de\/wp-json\/wp\/v2\/pages"}],"about":[{"href":"https:\/\/aquagymfit.com\/de\/wp-json\/wp\/v2\/types\/page"}],"author":[{"embeddable":true,"href":"https:\/\/aquagymfit.com\/de\/wp-json\/wp\/v2\/users\/1"}],"replies":[{"embeddable":true,"href":"https:\/\/aquagymfit.com\/de\/wp-json\/wp\/v2\/comments?post=1324"}],"version-history":[{"count":3,"href":"https:\/\/aquagymfit.com\/de\/wp-json\/wp\/v2\/pages\/1324\/revisions"}],"predecessor-version":[{"id":1328,"href":"https:\/\/aquagymfit.com\/de\/wp-json\/wp\/v2\/pages\/1324\/revisions\/1328"}],"wp:attachment":[{"href":"https:\/\/aquagymfit.com\/de\/wp-json\/wp\/v2\/media?parent=1324"}],"curies":[{"name":"wp","href":"https:\/\/api.w.org\/{rel}","templated":true}]}}